{"id":7424,"date":"2021-04-29T12:11:15","date_gmt":"2021-04-29T15:11:15","guid":{"rendered":"http:\/\/bodyfit.demagencia.com.br\/?page_id=7424"},"modified":"2025-08-28T09:09:26","modified_gmt":"2025-08-28T12:09:26","slug":"a-academia","status":"publish","type":"page","link":"https:\/\/wpt.academiasbodyfit.com.br\/?page_id=7424","title":{"rendered":"A Academia"},"content":{"rendered":"<p>[vc_section full_width=&#8221;stretch_row&#8221; content_placement=&#8221;middle&#8221; css=&#8221;.vc_custom_1619620831828{background-image: url(https:\/\/wpt.academiasbodyfit.com.br\/wp-content\/uploads\/2019\/09\/barra-breadcrumbs.jpg?id=7293) !important;}&#8221;][vc_row css=&#8221;.vc_custom_1619706179456{padding-top: 30px !important;padding-bottom: 40px !important;}&#8221;][vc_column][vc_column_text]<\/p>\n<p class=\"pag-titulo\">A Academia<br \/>\n<span class=\"pag-subtitulo\">Nossa hist\u00f3ria&#8230;<\/span>[\/vc_column_text][\/vc_column][\/vc_row][\/vc_section][vc_section full_width=&#8221;stretch_row&#8221; css=&#8221;.vc_custom_1619718994234{background-color: #f9f9f9 !important;}&#8221; el_id=&#8221;quemsomos&#8221;][vc_row][vc_column][vc_custom_heading stripe_pos=&#8221;hide&#8221; stm_title_font_weight=&#8221;700&#8243; text=&#8221;Quem somos&#8221; font_container=&#8221;tag:h2|font_size:32px|text_align:center|color:%23f8ac22&#8243; use_theme_fonts=&#8221;yes&#8221; subtitle=&#8221;11 ANOS DE PURA ENERGIA!&#8221;][\/vc_column][\/vc_row][vc_row css=&#8221;.vc_custom_1619536893334{margin-bottom: 0px !important;border-bottom-width: 0px !important;padding-bottom: 0px !important;}&#8221;][vc_column css=&#8221;.vc_custom_1619545783887{margin-top: 20px !important;margin-bottom: 40px !important;}&#8221;][vc_column_text]<\/p>\n<p style=\"text-align: center;\">\u00a0A Equipe Body Fit trabalha incansavelmente pela melhoria da experi\u00eancia di\u00e1ria do aluno. Temos a miss\u00e3o de proporcionar o melhor momento do dia dos nossos alunos. Somos apaixonados pela atividade f\u00edsica e acreditamos ser a forma mais saud\u00e1vel de ter qualidade de vida.<\/p>\n<p>[\/vc_column_text][\/vc_column][\/vc_row][vc_row full_width=&#8221;stretch_row_content&#8221; css=&#8221;.vc_custom_1619545855802{margin-top: 0px !important;margin-bottom: 0px !important;border-top-width: 0px !important;border-bottom-width: 0px !important;padding-top: 0px !important;padding-bottom: 0px !important;background: #f9ac23 url(https:\/\/wpt.academiasbodyfit.com.br\/wp-content\/uploads\/2021\/04\/barra-texto.png?id=7257) !important;}&#8221;][vc_column][vc_empty_space height=&#8221;41px&#8221;][\/vc_column][\/vc_row][vc_row full_width=&#8221;stretch_row&#8221; css=&#8221;.vc_custom_1620393814552{margin-top: 0px !important;border-top-width: 0px !important;padding-top: 0px !important;background-image: url(https:\/\/wpt.academiasbodyfit.com.br\/wp-content\/uploads\/2021\/05\/background-aacademia.jpg?id=7454) !important;background-position: center !important;background-repeat: no-repeat !important;background-size: cover !important;}&#8221;][vc_column][vc_empty_space height=&#8221;80px&#8221;][vc_column_text]<\/p>\n<p style=\"text-align: left; color: #ffffff; font-size: 36px; font-weight: bold; line-height: 1em;\">Fa\u00e7a uma de nossas aulas!<\/p>\n<p>[\/vc_column_text][vc_row_inner][vc_column_inner el_class=&#8221;espaco-mobile&#8221; width=&#8221;1\/3&#8243; css=&#8221;.vc_custom_1620393045391{margin-top: 20px !important;margin-bottom: 20px !important;}&#8221;][vc_single_image image=&#8221;7276&#8243; img_size=&#8221;full&#8221; alignment=&#8221;center&#8221;][vc_column_text]<\/p>\n<p style=\"text-align: left; color: #f9ac23; font-size: 25px; font-weight: bold;\">Muscula\u00e7\u00e3o<\/p>\n<div class=\"flex flex-grow flex-col max-w-full\">\n<div class=\"min-h-[20px] text-message flex flex-col items-start whitespace-pre-wrap break-words [.text-message+&amp;]:mt-5 juice:w-full juice:items-end overflow-x-auto gap-2\" dir=\"auto\" data-message-author-role=\"assistant\" data-message-id=\"b27e1484-de64-448b-8092-af066022f901\">\n<div class=\"flex w-full flex-col gap-1 juice:empty:hidden juice:first:pt-[3px]\">\n<div class=\"markdown prose w-full break-words dark:prose-invert light\">\n<p><span style=\"color: #ffffff;\">Junte-se a n\u00f3s na Muscula\u00e7\u00e3o e exercite seu corpo e mente. As t\u00e9cnicas de Levantamento de peso criam um corpo fortalecido a partir do qual \u00e9 poss\u00edvel evoluir para est\u00e1gios mais avan\u00e7ados. Por que n\u00e3o comprar luvas t\u00e1ticas (<a style=\"color: #ffffff;\" href=\"https:\/\/uadefence.com.ua\/ru\/militari-i-turizm\/takticheskie-perchatki\/\">\u043a\u0443\u043f\u0438\u0442\u044c \u0442\u0430\u043a\u0442\u0438\u0447\u0435\u0441\u043a\u0438\u0435 \u043f\u0435\u0440\u0447\u0430\u0442\u043a\u0438<\/a>) para proteger suas m\u00e3os durante os exerc\u00edcios mais intensos? Elas incluem uma variedade de exerc\u00edcios e modifica\u00e7\u00f5es de diversos n\u00edveis de dificuldade desde iniciante at\u00e9 avan\u00e7ado. Cuide de voc\u00ea hoje. Voc\u00ea merece!<\/span><\/div>\n<\/div>\n<\/div>\n<\/div>\n<p>[\/vc_column_text][\/vc_column_inner][vc_column_inner el_class=&#8221;espaco-mobile&#8221; width=&#8221;1\/3&#8243; css=&#8221;.vc_custom_1620393052375{margin-top: 20px !important;margin-bottom: 20px !important;}&#8221;][vc_single_image image=&#8221;7275&#8243; img_size=&#8221;full&#8221; alignment=&#8221;center&#8221;][vc_column_text]<\/p>\n<p style=\"text-align: left; color: #f9ac23; font-size: 25px; font-weight: bold;\">Fit Dance<\/p>\n<p style=\"text-align: justify; color: #ffffff; font-size: 14px;\">Modalidade de dan\u00e7a desenvolvida por F\u00e1bio Duarte h\u00e1 pouco mais de 3 anos que mistura coreografias de dan\u00e7a com exerc\u00edcios f\u00edsicos capazes de gastar calorias e definir m\u00fasculos.<\/p>\n<p>[\/vc_column_text][\/vc_column_inner][vc_column_inner el_class=&#8221;espaco-mobile&#8221; width=&#8221;1\/3&#8243; css=&#8221;.vc_custom_1620393061528{margin-top: 20px !important;margin-bottom: 20px !important;}&#8221;][vc_single_image image=&#8221;7277&#8243; img_size=&#8221;full&#8221; alignment=&#8221;center&#8221;][vc_column_text]<\/p>\n<p style=\"text-align: left; color: #f9ac23; font-size: 25px; font-weight: bold;\">Zumba<\/p>\n<p style=\"text-align: justify; color: #ffffff; font-size: 14px;\">Programa de fitness inspirado principalmente pela dan\u00e7a latina criado na Col\u00f4mbia pelo core\u00f3grafo Beto P\u00e9rez, na d\u00e9cada de 1990.<\/p>\n<p>[\/vc_column_text][\/vc_column_inner][\/vc_row_inner][vc_row_inner][vc_column_inner el_class=&#8221;espaco-mobile&#8221; width=&#8221;1\/3&#8243; css=&#8221;.vc_custom_1620393070200{margin-top: 20px !important;margin-bottom: 20px !important;}&#8221;][vc_single_image image=&#8221;7449&#8243; img_size=&#8221;full&#8221; alignment=&#8221;center&#8221;][vc_column_text]<\/p>\n<p style=\"text-align: left; color: #f9ac23; font-size: 25px; font-weight: bold;\">Abdominal<\/p>\n<p style=\"text-align: justify; color: #ffffff; font-size: 14px;\">Exerc\u00edcios de abdominal tem uma s\u00e9rie de benef\u00edcios, com foco nos m\u00fasculos retos obl\u00edquos, piramidais e transversais, essa s\u00e9rie de exerc\u00edcios auxiliam a alcan\u00e7ar a barriga chapada, al\u00e9m de melhorar o condicionamento f\u00edsico.<\/p>\n<p>[\/vc_column_text][\/vc_column_inner][vc_column_inner el_class=&#8221;espaco-mobile&#8221; width=&#8221;1\/3&#8243; css=&#8221;.vc_custom_1620393091793{margin-top: 20px !important;margin-bottom: 20px !important;}&#8221;][vc_single_image image=&#8221;7450&#8243; img_size=&#8221;full&#8221; alignment=&#8221;center&#8221;][vc_column_text]<\/p>\n<p style=\"text-align: left; color: #f9ac23; font-size: 25px; font-weight: bold;\">Cross Funcional<\/p>\n<p style=\"text-align: justify; color: #ffffff; font-size: 14px;\">Cross training nada mais \u00e9 do que a express\u00e3o em ingl\u00eas para treino funcional, \u00e0s vezes, tamb\u00e9m traduzida literalmente como treino cruzado. Nesse tipo de treino,\u00a0<span class=\"notion-enable-hover\" data-token-index=\"1\">s\u00e3o feitos diversos exerc\u00edcios, geralmente na forma de circuito, com cada atividade sendo feita em uma esta\u00e7\u00e3o e com o revezamento dos atletas do grupo<\/span>.<!-- notionvc: 14d1e3d3-719a-49d2-a805-3b474a2d31dc --><\/p>\n<p>[\/vc_column_text][\/vc_column_inner][vc_column_inner el_class=&#8221;espaco-mobile&#8221; width=&#8221;1\/3&#8243; css=&#8221;.vc_custom_1620393085824{margin-top: 20px !important;margin-bottom: 20px !important;}&#8221;][vc_single_image image=&#8221;7451&#8243; img_size=&#8221;full&#8221; alignment=&#8221;center&#8221;][vc_column_text]<\/p>\n<p style=\"text-align: left; color: #f9ac23; font-size: 25px; font-weight: bold;\">Jump<\/p>\n<p style=\"text-align: justify; color: #ffffff; font-size: 14px;\">A aula de jump \u00e9 um exerc\u00edcio f\u00edsico realizado em um &#8220;mini trampolim&#8221; que possui diversos benef\u00edcios para a sa\u00fade, como\u00a0<span class=\"notion-enable-hover\" data-token-index=\"1\">ajudar a emagrecer, diminuir da gordura corporal, aumentar a massa magra e combater a celulite<\/span>, pois aumenta o gasto cal\u00f3rico, sendo que em uma aula de 45 minutos \u00e9 poss\u00edvel perder at\u00e9 600 calorias.<!-- notionvc: a3a5f321-de4a-4df6-a301-175d94592530 --><\/p>\n<p>[\/vc_column_text][\/vc_column_inner][\/vc_row_inner][vc_row_inner][vc_column_inner el_class=&#8221;espaco-mobile&#8221; width=&#8221;1\/3&#8243; css=&#8221;.vc_custom_1620393100312{margin-top: 20px !important;margin-bottom: 20px !important;}&#8221;][vc_single_image image=&#8221;7457&#8243; img_size=&#8221;full&#8221; alignment=&#8221;center&#8221;][vc_column_text]<\/p>\n<p style=\"text-align: left; color: #f9ac23; font-size: 25px; font-weight: bold;\">Ritbox<\/p>\n<p style=\"text-align: justify; color: #ffffff; font-size: 14px;\">O\u00a0<span class=\"notion-enable-hover\" data-token-index=\"1\">RitBox<\/span>\u00a0\u00e9 um programa de\u00a0<span class=\"notion-enable-hover\" data-token-index=\"3\">treino<\/span>\u00a0ritmado em que os movimentos s\u00e3o executados utilizando ritmos das m\u00fasicas atuais com a finalidade de trabalhar todo o corpo, por interm\u00e9dio de exerc\u00edcios funcionais, aer\u00f3bicos e dan\u00e7a.<!-- notionvc: d6d07d82-efe3-4cfb-a3cd-4accdf5e7230 --><\/p>\n<p>[\/vc_column_text][\/vc_column_inner][vc_column_inner el_class=&#8221;espaco-mobile&#8221; width=&#8221;1\/3&#8243; css=&#8221;.vc_custom_1620393108513{margin-top: 20px !important;margin-bottom: 20px !important;}&#8221;][vc_single_image image=&#8221;7459&#8243; img_size=&#8221;full&#8221; alignment=&#8221;center&#8221;][vc_column_text]<\/p>\n<p style=\"text-align: left; color: #f9ac23; font-size: 25px; font-weight: bold;\">Ritmos<\/p>\n<p style=\"text-align: justify; color: #ffffff; font-size: 14px;\">A aula de Ritmos (Dan\u00e7a)\u00a0<span class=\"notion-enable-hover\" data-token-index=\"1\">\u00e9 uma modalidade de exerc\u00edcio aer\u00f3bico de dan\u00e7a que mistura coreografias motivantes e simples<\/span>, misturando v\u00e1rios ritmos como ax\u00e9, funk, sertanejo, forr\u00f3, salsa, hip hop, dan\u00e7as latinas entre outros.<!-- notionvc: 73b7c54b-971f-41b1-8bc4-4bea1ef54757 --><\/p>\n<p>[\/vc_column_text][\/vc_column_inner][vc_column_inner el_class=&#8221;espaco-mobile&#8221; width=&#8221;1\/3&#8243; css=&#8221;.vc_custom_1620393116857{margin-top: 20px !important;margin-bottom: 20px !important;}&#8221;][vc_single_image image=&#8221;7460&#8243; img_size=&#8221;full&#8221; alignment=&#8221;center&#8221;][vc_column_text]<\/p>\n<p style=\"text-align: left; color: #f9ac23; font-size: 25px; font-weight: bold;\">Step<\/p>\n<p style=\"text-align: justify; color: #ffffff; font-size: 14px;\">O exerc\u00edcio de Step promove exerc\u00edcios variados, movimentando bra\u00e7os e pernas, utilizando o Step, variando a intensidade. O Step \u00e9 excelente para exercitar o peitoral, tr\u00edceps e fortalecimento de pernas.<\/p>\n<p>[\/vc_column_text][\/vc_column_inner][\/vc_row_inner][vc_row_inner][vc_column_inner el_class=&#8221;espaco-mobile&#8221; width=&#8221;1\/3&#8243; css=&#8221;.vc_custom_1620393100312{margin-top: 20px !important;margin-bottom: 20px !important;}&#8221;][vc_single_image image=&#8221;10008&#8243; img_size=&#8221;full&#8221; alignment=&#8221;center&#8221;][vc_column_text]<\/p>\n<p style=\"text-align: left; color: #f9ac23; font-size: 25px; font-weight: bold;\">Mhuay thai<\/p>\n<p style=\"text-align: justify; color: #ffffff; font-size: 14px;\">Conhecida por ser uma arte marcial tailandesa e \u00e0s vezes chamada boxe tailandes, o muay thai nos ensina\u00a0<span class=\"notion-enable-hover\" data-token-index=\"1\">a se superar todo dia, enfrentando limita\u00e7\u00f5es f\u00edsicas e mentais<\/span>. \u00c9 considerado uma atividade aer\u00f3bica com bastante intensidade, que possibilita melhorar a resist\u00eancia cardiovascular e condicionamento f\u00edsico.<!-- notionvc: 94b2c2f8-1b3b-4e88-9dbf-ec3d82a84afb --><\/p>\n<p>[\/vc_column_text][\/vc_column_inner][\/vc_row_inner][vc_empty_space height=&#8221;80px&#8221;][\/vc_column][\/vc_row][\/vc_section][vc_section full_width=&#8221;stretch_row&#8221; css=&#8221;.vc_custom_1619636718947{padding-top: 20px !important;padding-bottom: 21px !important;background: #f9ac23 url(https:\/\/wpt.academiasbodyfit.com.br\/wp-content\/uploads\/2021\/04\/barra-texto.png?id=7257) !important;}&#8221;][\/vc_section]<\/p>\n","protected":false},"excerpt":{"rendered":"<p>[vc_section full_width=&#8221;stretch_row&#8221; content_placement=&#8221;middle&#8221; css=&#8221;.vc_custom_1619620831828{background-image: url(https:\/\/wpt.academiasbodyfit.com.br\/wp-content\/uploads\/2019\/09\/barra-breadcrumbs.jpg?id=7293) !important;}&#8221;][vc_row css=&#8221;.vc_custom_1619706179456{padding-top: 30px !important;padding-bottom: 40px !important;}&#8221;][vc_column][vc_column_text] A Academia Nossa hist\u00f3ria&#8230;[\/vc_column_text][\/vc_column][\/vc_row][\/vc_section][vc_section full_width=&#8221;stretch_row&#8221; css=&#8221;.vc_custom_1619718994234{background-color: #f9f9f9 !important;}&#8221; el_id=&#8221;quemsomos&#8221;][vc_row][vc_column][vc_custom_heading stripe_pos=&#8221;hide&#8221; stm_title_font_weight=&#8221;700&#8243; text=&#8221;Quem somos&#8221; font_container=&#8221;tag:h2|font_size:32px|text_align:center|color:%23f8ac22&#8243; use_theme_fonts=&#8221;yes&#8221; subtitle=&#8221;11 ANOS DE PURA ENERGIA!&#8221;][\/vc_column][\/vc_row][vc_row css=&#8221;.vc_custom_1619536893334{margin-bottom: 0px !important;border-bottom-width: 0px !important;padding-bottom: 0px !important;}&#8221;][vc_column css=&#8221;.vc_custom_1619545783887{margin-top: 20px !important;margin-bottom: 40px !important;}&#8221;][vc_column_text] \u00a0A Equipe Body Fit trabalha incansavelmente pela melhoria da experi\u00eancia di\u00e1ria do<\/p>\n","protected":false},"author":1,"featured_media":0,"parent":0,"menu_order":0,"comment_status":"closed","ping_status":"closed","template":"","meta":{"footnotes":""},"class_list":["post-7424","page","type-page","status-publish","hentry"],"_links":{"self":[{"href":"https:\/\/wpt.academiasbodyfit.com.br\/index.php?rest_route=\/wp\/v2\/pages\/7424","targetHints":{"allow":["GET"]}}],"collection":[{"href":"https:\/\/wpt.academiasbodyfit.com.br\/index.php?rest_route=\/wp\/v2\/pages"}],"about":[{"href":"https:\/\/wpt.academiasbodyfit.com.br\/index.php?rest_route=\/wp\/v2\/types\/page"}],"author":[{"embeddable":true,"href":"https:\/\/wpt.academiasbodyfit.com.br\/index.php?rest_route=\/wp\/v2\/users\/1"}],"replies":[{"embeddable":true,"href":"https:\/\/wpt.academiasbodyfit.com.br\/index.php?rest_route=%2Fwp%2Fv2%2Fcomments&post=7424"}],"version-history":[{"count":27,"href":"https:\/\/wpt.academiasbodyfit.com.br\/index.php?rest_route=\/wp\/v2\/pages\/7424\/revisions"}],"predecessor-version":[{"id":10299,"href":"https:\/\/wpt.academiasbodyfit.com.br\/index.php?rest_route=\/wp\/v2\/pages\/7424\/revisions\/10299"}],"wp:attachment":[{"href":"https:\/\/wpt.academiasbodyfit.com.br\/index.php?rest_route=%2Fwp%2Fv2%2Fmedia&parent=7424"}],"curies":[{"name":"wp","href":"https:\/\/api.w.org\/{rel}","templated":true}]}}