{"id":7388,"date":"2021-04-29T10:33:44","date_gmt":"2021-04-29T13:33:44","guid":{"rendered":"http:\/\/bodyfit.demagencia.com.br\/?page_id=7388"},"modified":"2025-08-28T09:31:15","modified_gmt":"2025-08-28T12:31:15","slug":"alipiodemelo","status":"publish","type":"page","link":"https:\/\/wpt.academiasbodyfit.com.br\/?page_id=7388","title":{"rendered":"Unidade Al\u00edpio de Melo"},"content":{"rendered":"<p>[vc_section full_width=&#8221;stretch_row&#8221; content_placement=&#8221;middle&#8221; css=&#8221;.vc_custom_1619620831828{background-image: url(https:\/\/wpt.academiasbodyfit.com.br\/wp-content\/uploads\/2019\/09\/barra-breadcrumbs.jpg?id=7293) !important;}&#8221;][vc_row css=&#8221;.vc_custom_1619705326055{padding-top: 30px !important;padding-bottom: 40px !important;}&#8221;][vc_column][vc_column_text]<\/p>\n<p class=\"pag-titulo\">Unidade Al\u00edpio de Melo<br \/>\n<span class=\"pag-subtitulo\">Seja bem vindo!<\/span>[\/vc_column_text][\/vc_column][\/vc_row][\/vc_section][vc_row][vc_column][vc_empty_space height=&#8221;60px&#8221;][\/vc_column][\/vc_row][vc_row][vc_column width=&#8221;1\/2&#8243; css=&#8221;.vc_custom_1619704733834{margin-top: 20px !important;}&#8221;][vc_single_image image=&#8221;7561&#8243; img_size=&#8221;full&#8221; alignment=&#8221;center&#8221;][\/vc_column][vc_column width=&#8221;1\/2&#8243; css=&#8221;.vc_custom_1619704740702{margin-top: 20px !important;}&#8221;][vc_column_text]<\/p>\n<p class=\"pag-titulo-info\">Endere\u00e7o<br \/>\n<span class=\"pag-desc-info\">Av. Ab\u00edlio Machado, 1664, Al\u00edpio de Melo, Belo Horizonte &#8211; MG<br \/>\n(Shopping Xingu)<\/span><\/p>\n<p class=\"pag-titulo-info\">Telefone<br \/>\n<span class=\"pag-desc-info\"><span class=\"link-annotation-unknown-block-id-162359234\">(31) 3221-7595<\/span> <!-- notionvc: 379a2aff-8b16-4c1d-a113-aae28581933c --><br \/>\n(31) 99709-8012 (WhatsApp)<\/span><\/p>\n<p class=\"pag-titulo-info\">Hor\u00e1rio de Funcionamento<br \/>\n<span class=\"pag-desc-info\">Segunda a Sexta &#8211; 05:30h \u00e0s 23h<br \/>\nS\u00e1bados &#8211; 8h \u00e0s 15h<br \/>\nDomingos e Feriados &#8211; 8 \u00e0s 12h<\/span><\/p>\n<p>[\/vc_column_text][vc_btn title=&#8221;Atendimento WhatsApp&#8221; style=&#8221;custom&#8221; custom_background=&#8221;#008c23&#8243; custom_text=&#8221;#ffffff&#8221; shape=&#8221;square&#8221; size=&#8221;lg&#8221; align=&#8221;center&#8221; i_icon_fontawesome=&#8221;fab fa-whatsapp&#8221; button_block=&#8221;true&#8221; add_icon=&#8221;true&#8221; custom_onclick=&#8221;true&#8221; link=&#8221;url:https%3A%2F%2Fapi.whatsapp.com%2Fsend%3Fphone%3D5531997098012%26text%3DOl%25C3%25A1%252C%2520atendimento%2520via%2520WhatsApp%2520do%2520site.%2520Unidade%20Al%C3%ADpio%2520de%2520Melo.%20_blank|title:Atendimento%20WhatsApp|target:_blank&#8221; custom_onclick_code=&#8221;ga(&#8216;send&#8217;,&#8217;event&#8217;,{eventCategory:&#8217;whatsapp&#8217;,eventAction:&#8217;btn-pag-alipiodemelo&#8217;});&#8221;][vc_btn title=&#8221;MATRICULE-SE AGORA&#8221; style=&#8221;custom&#8221; custom_background=&#8221;#000000&#8243; custom_text=&#8221;#ffffff&#8221; shape=&#8221;square&#8221; size=&#8221;lg&#8221; align=&#8221;center&#8221; button_block=&#8221;true&#8221; custom_onclick=&#8221;true&#8221; link=&#8221;url:https%3A%2F%2Fvendas.online.sistemapacto.com.br%2Fplanos%3Fun%3D1%26k%3D76505ede43354c188323dc6d1d171f36|title:MATRICULE-SE%20AGORA|target:_blank&#8221; custom_onclick_code=&#8221;ga(&#8216;send&#8217;,&#8217;event&#8217;,{eventCategory:&#8217;cadastro-matricula&#8217;,eventAction:&#8217;btn-pag-alipiodemelomatricula&#8217;});&#8221;][vc_btn title=&#8221;CADASTRE PARA RECEBER CONTATO&#8221; style=&#8221;custom&#8221; custom_background=&#8221;#000000&#8243; custom_text=&#8221;#ffffff&#8221; shape=&#8221;square&#8221; size=&#8221;lg&#8221; align=&#8221;center&#8221; button_block=&#8221;true&#8221; custom_onclick=&#8221;true&#8221; link=&#8221;url:https%3A%2F%2Fvendas.online.sistemapacto.com.br%2Fcadastro%3Fun%3D1%26k%3D76505ede43354c188323dc6d1d171f36|title:CADASTRE%20PARA%20RECEBER%20CONTATO|target:_blank&#8221; custom_onclick_code=&#8221;ga(&#8216;send&#8217;,&#8217;event&#8217;,{eventCategory:&#8217;cadastro-matricula&#8217;,eventAction:&#8217;btn-pag-alipiodemelocontato&#8217;});&#8221;][\/vc_column][\/vc_row][vc_row][vc_column][vc_empty_space height=&#8221;80px&#8221;][\/vc_column][\/vc_row][vc_section full_width=&#8221;stretch_row&#8221; css=&#8221;.vc_custom_1619639794788{background-color: #f9f9f9 !important;}&#8221;][vc_row][vc_column width=&#8221;2\/3&#8243; css=&#8221;.vc_custom_1619704712983{margin-top: 20px !important;}&#8221;][vc_column_text]<\/p>\n<p style=\"font-size: 34px;\"><strong>Galeria de Fotos<\/strong><\/p>\n<div id='gallery-1' class='gallery galleryid-7388 gallery-columns-4 gallery-size-thumbnail'><figure class='gallery-item'>\n\t\t\t<div class='gallery-icon landscape'>\n\t\t\t\t<a href='https:\/\/wpt.academiasbodyfit.com.br\/wp-content\/uploads\/2021\/06\/BFAM-5.jpg'><img loading=\"lazy\" decoding=\"async\" width=\"150\" height=\"150\" src=\"https:\/\/wpt.academiasbodyfit.com.br\/wp-content\/uploads\/2021\/06\/BFAM-5-150x150.jpg\" class=\"attachment-thumbnail size-thumbnail\" alt=\"\" srcset=\"https:\/\/wpt.academiasbodyfit.com.br\/wp-content\/uploads\/2021\/06\/BFAM-5-150x150.jpg 150w, https:\/\/wpt.academiasbodyfit.com.br\/wp-content\/uploads\/2021\/06\/BFAM-5-50x50.jpg 50w, https:\/\/wpt.academiasbodyfit.com.br\/wp-content\/uploads\/2021\/06\/BFAM-5-320x320.jpg 320w\" sizes=\"auto, (max-width: 150px) 100vw, 150px\" \/><\/a>\n\t\t\t<\/div><\/figure><figure class='gallery-item'>\n\t\t\t<div class='gallery-icon portrait'>\n\t\t\t\t<a href='https:\/\/wpt.academiasbodyfit.com.br\/wp-content\/uploads\/2021\/06\/BFAM-6.jpg'><img loading=\"lazy\" decoding=\"async\" width=\"150\" height=\"150\" src=\"https:\/\/wpt.academiasbodyfit.com.br\/wp-content\/uploads\/2021\/06\/BFAM-6-150x150.jpg\" class=\"attachment-thumbnail size-thumbnail\" alt=\"\" srcset=\"https:\/\/wpt.academiasbodyfit.com.br\/wp-content\/uploads\/2021\/06\/BFAM-6-150x150.jpg 150w, https:\/\/wpt.academiasbodyfit.com.br\/wp-content\/uploads\/2021\/06\/BFAM-6-50x50.jpg 50w, https:\/\/wpt.academiasbodyfit.com.br\/wp-content\/uploads\/2021\/06\/BFAM-6-320x320.jpg 320w\" sizes=\"auto, (max-width: 150px) 100vw, 150px\" \/><\/a>\n\t\t\t<\/div><\/figure><figure class='gallery-item'>\n\t\t\t<div class='gallery-icon landscape'>\n\t\t\t\t<a href='https:\/\/wpt.academiasbodyfit.com.br\/wp-content\/uploads\/2021\/06\/BFAM-7.jpg'><img loading=\"lazy\" decoding=\"async\" width=\"150\" height=\"150\" src=\"https:\/\/wpt.academiasbodyfit.com.br\/wp-content\/uploads\/2021\/06\/BFAM-7-150x150.jpg\" class=\"attachment-thumbnail size-thumbnail\" alt=\"\" srcset=\"https:\/\/wpt.academiasbodyfit.com.br\/wp-content\/uploads\/2021\/06\/BFAM-7-150x150.jpg 150w, https:\/\/wpt.academiasbodyfit.com.br\/wp-content\/uploads\/2021\/06\/BFAM-7-50x50.jpg 50w, https:\/\/wpt.academiasbodyfit.com.br\/wp-content\/uploads\/2021\/06\/BFAM-7-320x320.jpg 320w\" sizes=\"auto, (max-width: 150px) 100vw, 150px\" \/><\/a>\n\t\t\t<\/div><\/figure><figure class='gallery-item'>\n\t\t\t<div class='gallery-icon landscape'>\n\t\t\t\t<a href='https:\/\/wpt.academiasbodyfit.com.br\/wp-content\/uploads\/2021\/06\/BFAM-9.jpg'><img loading=\"lazy\" decoding=\"async\" width=\"150\" height=\"150\" src=\"https:\/\/wpt.academiasbodyfit.com.br\/wp-content\/uploads\/2021\/06\/BFAM-9-150x150.jpg\" class=\"attachment-thumbnail size-thumbnail\" alt=\"\" srcset=\"https:\/\/wpt.academiasbodyfit.com.br\/wp-content\/uploads\/2021\/06\/BFAM-9-150x150.jpg 150w, https:\/\/wpt.academiasbodyfit.com.br\/wp-content\/uploads\/2021\/06\/BFAM-9-50x50.jpg 50w, https:\/\/wpt.academiasbodyfit.com.br\/wp-content\/uploads\/2021\/06\/BFAM-9-320x320.jpg 320w\" sizes=\"auto, (max-width: 150px) 100vw, 150px\" \/><\/a>\n\t\t\t<\/div><\/figure><figure class='gallery-item'>\n\t\t\t<div class='gallery-icon landscape'>\n\t\t\t\t<a href='https:\/\/wpt.academiasbodyfit.com.br\/wp-content\/uploads\/2021\/06\/BFAM-12.jpg'><img loading=\"lazy\" decoding=\"async\" width=\"150\" height=\"150\" src=\"https:\/\/wpt.academiasbodyfit.com.br\/wp-content\/uploads\/2021\/06\/BFAM-12-150x150.jpg\" class=\"attachment-thumbnail size-thumbnail\" alt=\"\" srcset=\"https:\/\/wpt.academiasbodyfit.com.br\/wp-content\/uploads\/2021\/06\/BFAM-12-150x150.jpg 150w, https:\/\/wpt.academiasbodyfit.com.br\/wp-content\/uploads\/2021\/06\/BFAM-12-300x300.jpg 300w, https:\/\/wpt.academiasbodyfit.com.br\/wp-content\/uploads\/2021\/06\/BFAM-12-768x768.jpg 768w, https:\/\/wpt.academiasbodyfit.com.br\/wp-content\/uploads\/2021\/06\/BFAM-12-50x50.jpg 50w, https:\/\/wpt.academiasbodyfit.com.br\/wp-content\/uploads\/2021\/06\/BFAM-12-320x320.jpg 320w, https:\/\/wpt.academiasbodyfit.com.br\/wp-content\/uploads\/2021\/06\/BFAM-12-900x900.jpg 900w, https:\/\/wpt.academiasbodyfit.com.br\/wp-content\/uploads\/2021\/06\/BFAM-12.jpg 960w\" sizes=\"auto, (max-width: 150px) 100vw, 150px\" \/><\/a>\n\t\t\t<\/div><\/figure><figure class='gallery-item'>\n\t\t\t<div class='gallery-icon portrait'>\n\t\t\t\t<a href='https:\/\/wpt.academiasbodyfit.com.br\/wp-content\/uploads\/2021\/06\/BFAM-13.jpg'><img loading=\"lazy\" decoding=\"async\" width=\"150\" height=\"150\" src=\"https:\/\/wpt.academiasbodyfit.com.br\/wp-content\/uploads\/2021\/06\/BFAM-13-150x150.jpg\" class=\"attachment-thumbnail size-thumbnail\" alt=\"\" srcset=\"https:\/\/wpt.academiasbodyfit.com.br\/wp-content\/uploads\/2021\/06\/BFAM-13-150x150.jpg 150w, https:\/\/wpt.academiasbodyfit.com.br\/wp-content\/uploads\/2021\/06\/BFAM-13-50x50.jpg 50w, https:\/\/wpt.academiasbodyfit.com.br\/wp-content\/uploads\/2021\/06\/BFAM-13-320x320.jpg 320w\" sizes=\"auto, (max-width: 150px) 100vw, 150px\" \/><\/a>\n\t\t\t<\/div><\/figure><figure class='gallery-item'>\n\t\t\t<div class='gallery-icon landscape'>\n\t\t\t\t<a href='https:\/\/wpt.academiasbodyfit.com.br\/wp-content\/uploads\/2021\/06\/BFAM-15.jpg'><img loading=\"lazy\" decoding=\"async\" width=\"150\" height=\"150\" src=\"https:\/\/wpt.academiasbodyfit.com.br\/wp-content\/uploads\/2021\/06\/BFAM-15-150x150.jpg\" class=\"attachment-thumbnail size-thumbnail\" alt=\"\" srcset=\"https:\/\/wpt.academiasbodyfit.com.br\/wp-content\/uploads\/2021\/06\/BFAM-15-150x150.jpg 150w, https:\/\/wpt.academiasbodyfit.com.br\/wp-content\/uploads\/2021\/06\/BFAM-15-50x50.jpg 50w, https:\/\/wpt.academiasbodyfit.com.br\/wp-content\/uploads\/2021\/06\/BFAM-15-320x320.jpg 320w\" sizes=\"auto, (max-width: 150px) 100vw, 150px\" \/><\/a>\n\t\t\t<\/div><\/figure><figure class='gallery-item'>\n\t\t\t<div class='gallery-icon portrait'>\n\t\t\t\t<a href='https:\/\/wpt.academiasbodyfit.com.br\/wp-content\/uploads\/2021\/06\/BFAM-18.jpg'><img loading=\"lazy\" decoding=\"async\" width=\"150\" height=\"150\" src=\"https:\/\/wpt.academiasbodyfit.com.br\/wp-content\/uploads\/2021\/06\/BFAM-18-150x150.jpg\" class=\"attachment-thumbnail size-thumbnail\" alt=\"\" srcset=\"https:\/\/wpt.academiasbodyfit.com.br\/wp-content\/uploads\/2021\/06\/BFAM-18-150x150.jpg 150w, https:\/\/wpt.academiasbodyfit.com.br\/wp-content\/uploads\/2021\/06\/BFAM-18-50x50.jpg 50w, https:\/\/wpt.academiasbodyfit.com.br\/wp-content\/uploads\/2021\/06\/BFAM-18-320x320.jpg 320w\" sizes=\"auto, (max-width: 150px) 100vw, 150px\" \/><\/a>\n\t\t\t<\/div><\/figure><figure class='gallery-item'>\n\t\t\t<div class='gallery-icon landscape'>\n\t\t\t\t<a href='https:\/\/wpt.academiasbodyfit.com.br\/wp-content\/uploads\/2021\/06\/BFAM-20.jpg'><img loading=\"lazy\" decoding=\"async\" width=\"150\" height=\"150\" src=\"https:\/\/wpt.academiasbodyfit.com.br\/wp-content\/uploads\/2021\/06\/BFAM-20-150x150.jpg\" class=\"attachment-thumbnail size-thumbnail\" alt=\"\" srcset=\"https:\/\/wpt.academiasbodyfit.com.br\/wp-content\/uploads\/2021\/06\/BFAM-20-150x150.jpg 150w, https:\/\/wpt.academiasbodyfit.com.br\/wp-content\/uploads\/2021\/06\/BFAM-20-50x50.jpg 50w, https:\/\/wpt.academiasbodyfit.com.br\/wp-content\/uploads\/2021\/06\/BFAM-20-320x320.jpg 320w\" sizes=\"auto, (max-width: 150px) 100vw, 150px\" \/><\/a>\n\t\t\t<\/div><\/figure><figure class='gallery-item'>\n\t\t\t<div class='gallery-icon landscape'>\n\t\t\t\t<a href='https:\/\/wpt.academiasbodyfit.com.br\/wp-content\/uploads\/2021\/06\/BFAM-21.jpg'><img loading=\"lazy\" decoding=\"async\" width=\"150\" height=\"150\" src=\"https:\/\/wpt.academiasbodyfit.com.br\/wp-content\/uploads\/2021\/06\/BFAM-21-150x150.jpg\" class=\"attachment-thumbnail size-thumbnail\" alt=\"\" srcset=\"https:\/\/wpt.academiasbodyfit.com.br\/wp-content\/uploads\/2021\/06\/BFAM-21-150x150.jpg 150w, https:\/\/wpt.academiasbodyfit.com.br\/wp-content\/uploads\/2021\/06\/BFAM-21-50x50.jpg 50w, https:\/\/wpt.academiasbodyfit.com.br\/wp-content\/uploads\/2021\/06\/BFAM-21-320x320.jpg 320w\" sizes=\"auto, (max-width: 150px) 100vw, 150px\" \/><\/a>\n\t\t\t<\/div><\/figure><figure class='gallery-item'>\n\t\t\t<div class='gallery-icon landscape'>\n\t\t\t\t<a href='https:\/\/wpt.academiasbodyfit.com.br\/wp-content\/uploads\/2021\/06\/BFAM-22.jpg'><img loading=\"lazy\" decoding=\"async\" width=\"150\" height=\"150\" src=\"https:\/\/wpt.academiasbodyfit.com.br\/wp-content\/uploads\/2021\/06\/BFAM-22-150x150.jpg\" class=\"attachment-thumbnail size-thumbnail\" alt=\"\" srcset=\"https:\/\/wpt.academiasbodyfit.com.br\/wp-content\/uploads\/2021\/06\/BFAM-22-150x150.jpg 150w, https:\/\/wpt.academiasbodyfit.com.br\/wp-content\/uploads\/2021\/06\/BFAM-22-50x50.jpg 50w, https:\/\/wpt.academiasbodyfit.com.br\/wp-content\/uploads\/2021\/06\/BFAM-22-320x320.jpg 320w\" sizes=\"auto, (max-width: 150px) 100vw, 150px\" \/><\/a>\n\t\t\t<\/div><\/figure><figure class='gallery-item'>\n\t\t\t<div class='gallery-icon landscape'>\n\t\t\t\t<a href='https:\/\/wpt.academiasbodyfit.com.br\/wp-content\/uploads\/2021\/06\/BFAM-23.jpg'><img loading=\"lazy\" decoding=\"async\" width=\"150\" height=\"150\" src=\"https:\/\/wpt.academiasbodyfit.com.br\/wp-content\/uploads\/2021\/06\/BFAM-23-150x150.jpg\" class=\"attachment-thumbnail size-thumbnail\" alt=\"\" srcset=\"https:\/\/wpt.academiasbodyfit.com.br\/wp-content\/uploads\/2021\/06\/BFAM-23-150x150.jpg 150w, https:\/\/wpt.academiasbodyfit.com.br\/wp-content\/uploads\/2021\/06\/BFAM-23-50x50.jpg 50w, https:\/\/wpt.academiasbodyfit.com.br\/wp-content\/uploads\/2021\/06\/BFAM-23-320x320.jpg 320w\" sizes=\"auto, (max-width: 150px) 100vw, 150px\" \/><\/a>\n\t\t\t<\/div><\/figure><figure class='gallery-item'>\n\t\t\t<div class='gallery-icon landscape'>\n\t\t\t\t<a href='https:\/\/wpt.academiasbodyfit.com.br\/wp-content\/uploads\/2021\/06\/BFAM-24.jpg'><img loading=\"lazy\" decoding=\"async\" width=\"150\" height=\"150\" src=\"https:\/\/wpt.academiasbodyfit.com.br\/wp-content\/uploads\/2021\/06\/BFAM-24-150x150.jpg\" class=\"attachment-thumbnail size-thumbnail\" alt=\"\" srcset=\"https:\/\/wpt.academiasbodyfit.com.br\/wp-content\/uploads\/2021\/06\/BFAM-24-150x150.jpg 150w, https:\/\/wpt.academiasbodyfit.com.br\/wp-content\/uploads\/2021\/06\/BFAM-24-50x50.jpg 50w, https:\/\/wpt.academiasbodyfit.com.br\/wp-content\/uploads\/2021\/06\/BFAM-24-320x320.jpg 320w\" sizes=\"auto, (max-width: 150px) 100vw, 150px\" \/><\/a>\n\t\t\t<\/div><\/figure><figure class='gallery-item'>\n\t\t\t<div class='gallery-icon landscape'>\n\t\t\t\t<a href='https:\/\/wpt.academiasbodyfit.com.br\/wp-content\/uploads\/2021\/06\/BFAM-25.jpg'><img loading=\"lazy\" decoding=\"async\" width=\"150\" height=\"150\" src=\"https:\/\/wpt.academiasbodyfit.com.br\/wp-content\/uploads\/2021\/06\/BFAM-25-150x150.jpg\" class=\"attachment-thumbnail size-thumbnail\" alt=\"\" srcset=\"https:\/\/wpt.academiasbodyfit.com.br\/wp-content\/uploads\/2021\/06\/BFAM-25-150x150.jpg 150w, https:\/\/wpt.academiasbodyfit.com.br\/wp-content\/uploads\/2021\/06\/BFAM-25-50x50.jpg 50w, https:\/\/wpt.academiasbodyfit.com.br\/wp-content\/uploads\/2021\/06\/BFAM-25-320x320.jpg 320w\" sizes=\"auto, (max-width: 150px) 100vw, 150px\" \/><\/a>\n\t\t\t<\/div><\/figure><figure class='gallery-item'>\n\t\t\t<div class='gallery-icon landscape'>\n\t\t\t\t<a href='https:\/\/wpt.academiasbodyfit.com.br\/wp-content\/uploads\/2021\/06\/BFAM-26.jpg'><img loading=\"lazy\" decoding=\"async\" width=\"150\" height=\"150\" src=\"https:\/\/wpt.academiasbodyfit.com.br\/wp-content\/uploads\/2021\/06\/BFAM-26-150x150.jpg\" class=\"attachment-thumbnail size-thumbnail\" alt=\"\" srcset=\"https:\/\/wpt.academiasbodyfit.com.br\/wp-content\/uploads\/2021\/06\/BFAM-26-150x150.jpg 150w, https:\/\/wpt.academiasbodyfit.com.br\/wp-content\/uploads\/2021\/06\/BFAM-26-50x50.jpg 50w, https:\/\/wpt.academiasbodyfit.com.br\/wp-content\/uploads\/2021\/06\/BFAM-26-320x320.jpg 320w\" sizes=\"auto, (max-width: 150px) 100vw, 150px\" \/><\/a>\n\t\t\t<\/div><\/figure><figure class='gallery-item'>\n\t\t\t<div class='gallery-icon landscape'>\n\t\t\t\t<a href='https:\/\/wpt.academiasbodyfit.com.br\/wp-content\/uploads\/2021\/06\/BFAM-27.jpg'><img loading=\"lazy\" decoding=\"async\" width=\"150\" height=\"150\" src=\"https:\/\/wpt.academiasbodyfit.com.br\/wp-content\/uploads\/2021\/06\/BFAM-27-150x150.jpg\" class=\"attachment-thumbnail size-thumbnail\" alt=\"\" srcset=\"https:\/\/wpt.academiasbodyfit.com.br\/wp-content\/uploads\/2021\/06\/BFAM-27-150x150.jpg 150w, https:\/\/wpt.academiasbodyfit.com.br\/wp-content\/uploads\/2021\/06\/BFAM-27-50x50.jpg 50w, https:\/\/wpt.academiasbodyfit.com.br\/wp-content\/uploads\/2021\/06\/BFAM-27-320x320.jpg 320w\" sizes=\"auto, (max-width: 150px) 100vw, 150px\" \/><\/a>\n\t\t\t<\/div><\/figure><figure class='gallery-item'>\n\t\t\t<div class='gallery-icon landscape'>\n\t\t\t\t<a href='https:\/\/wpt.academiasbodyfit.com.br\/wp-content\/uploads\/2021\/06\/BFAM-28.jpg'><img loading=\"lazy\" decoding=\"async\" width=\"150\" height=\"150\" src=\"https:\/\/wpt.academiasbodyfit.com.br\/wp-content\/uploads\/2021\/06\/BFAM-28-150x150.jpg\" class=\"attachment-thumbnail size-thumbnail\" alt=\"\" srcset=\"https:\/\/wpt.academiasbodyfit.com.br\/wp-content\/uploads\/2021\/06\/BFAM-28-150x150.jpg 150w, https:\/\/wpt.academiasbodyfit.com.br\/wp-content\/uploads\/2021\/06\/BFAM-28-50x50.jpg 50w, https:\/\/wpt.academiasbodyfit.com.br\/wp-content\/uploads\/2021\/06\/BFAM-28-320x320.jpg 320w\" sizes=\"auto, (max-width: 150px) 100vw, 150px\" \/><\/a>\n\t\t\t<\/div><\/figure>\n\t\t<\/div>\n[\/vc_column_text][\/vc_column][vc_column width=&#8221;1\/3&#8243; css=&#8221;.vc_custom_1619704705593{margin-top: 20px !important;}&#8221;][vc_column_text]<\/p>\n<p style=\"font-size: 34px;\"><strong>Links \u00dateis<\/strong><\/p>\n<p>[\/vc_column_text][vc_raw_html]JTNDZGl2JTNFJTBBJTIwJTIwJTIwJTNDcCUzRSUzQ2ElMjBocmVmJTNEJTIyaHR0cHMlM0ElMkYlMkZhcGkud2hhdHNhcHAuY29tJTJGc2VuZCUzRnBob25lJTNENTUzMTk5NjExMjkyMCUyNnRleHQlM0RPbCUyNUMzJTI1QTElMjUyQyUyNTIwYXRlbmRpbWVudG8lMjUyMHZpYSUyNTIwV2hhdHNBcHAlMjUyMGRvJTI1MjBzaXRlLiUyNTIwVW5pZGFkZSUyMEFsJUMzJUFEcGlvJTI1MjBkZSUyNTIwTWVsby4lMjIlMjB0YXJnZXQlM0QlMjJfYmxhbmslMjIlMjBvbkNsaWNrJTNEJTIyZ3RhZyUyOCUyN2V2ZW50JTI3JTJDJTI3Y2xpcXVlJTI3JTJDJTdCJTI3ZXZlbnRfY2F0ZWdvcnklMjclM0ElMjd3aGF0c2FwcCUyNyUyQyUyN2V2ZW50X2xhYmVsJTI3JTNBJTI3YnRuLXBhZy1hbGlwaW9kZW1lbG8lMjclMkMlMjd2YWx1ZSUyNyUzQTElN0QlMjklM0IlMjIlM0UlM0NpbWclMjBzcmMlM0QlMjJodHRwcyUzQSUyRiUyRmFjYWRlbWlhc2JvZHlmaXQuY29tLmJyJTJGd3AtY29udGVudCUyRnVwbG9hZHMlMkYyMDIxJTJGMDQlMkZidG4td2hhdHNhcHAucG5nJTIyJTIwd2lkdGglM0QlMjIzNjJweCUyMiUyMGhlaWdodCUzRCUyMjg1cHglMjIlMjBhbHQlM0QlMjJDb250YXRvJTIwdmlhJTIwV2hhdHNBcHAlMjIlMkYlM0UlM0MlMkZhJTNFJTNDJTJGcCUzRSUwQSUzQyUyRmRpdiUzRSUwQSUzQ2RpdiUzRSUwQSUyMCUyMCUyMCUzQ3AlM0UlM0NhJTIwaHJlZiUzRCUyMmh0dHBzJTNBJTJGJTJGbWFwcy5hcHAuZ29vLmdsJTJGOG42dmdHYThVVzFRa2ExRzglMjIlMjB0YXJnZXQlM0QlMjJfYmxhbmslMjIlMjBvbkNsaWNrJTNEJTIyZ3RhZyUyOCUyN2V2ZW50JTI3JTJDJTI3Y2xpcXVlJTI3JTJDJTdCJTI3ZXZlbnRfY2F0ZWdvcnklMjclM0ElMjdnb29nbGVtYXBzJTI3JTJDJTI3ZXZlbnRfbGFiZWwlMjclM0ElMjdidG4tcGFnLWFsaXBpb2RlbWVsbyUyNyUyQyUyN3ZhbHVlJTI3JTNBMSU3RCUyOSUzQiUyMiUzRSUzQ2ltZyUyMHNyYyUzRCUyMmh0dHBzJTNBJTJGJTJGYWNhZGVtaWFzYm9keWZpdC5jb20uYnIlMkZ3cC1jb250ZW50JTJGdXBsb2FkcyUyRjIwMjElMkYwNCUyRmJ0bi1nb29nbGVtYXBzLnBuZyUyMiUyMHdpZHRoJTNEJTIyMzYycHglMjIlMjBoZWlnaHQlM0QlMjI4NXB4JTIyJTIwYWx0JTNEJTIyTG9jYWxpemElQzMlQTclQzMlQTNvJTIwdmlhJTIwR29vZ2xlJTIwTWFwcyUyMiUyRiUzRSUzQyUyRmElM0UlM0MlMkZwJTNFJTBBJTNDJTJGZGl2JTNF[\/vc_raw_html][\/vc_column][\/vc_row][vc_row][vc_column][vc_empty_space height=&#8221;80px&#8221;][vc_column_text]<\/p>\n<p style=\"font-size: 34px;\"><strong>Localiza\u00e7\u00e3o<\/strong><\/p>\n<p>[\/vc_column_text][vc_empty_space height=&#8221;5px&#8221;][\/vc_column][\/vc_row][vc_row full_width=&#8221;stretch_row_content_no_spaces&#8221;][vc_column][vc_raw_html]JTNDaWZyYW1lJTIwc3JjJTNEJTIyaHR0cHMlM0ElMkYlMkZ3d3cuZ29vZ2xlLmNvbSUyRm1hcHMlMkZlbWJlZCUzRnBiJTNEJTIxMW0xOCUyMTFtMTIlMjExbTMlMjExZDM3NTEuNTAzODU3MjI3ODg2JTIxMmQtNDQuMDA2MDA5NTI0NzczNjElMjEzZC0xOS45MDMxNjEzODE0NzkyNDQlMjEybTMlMjExZjAlMjEyZjAlMjEzZjAlMjEzbTIlMjExaTEwMjQlMjEyaTc2OCUyMTRmMTMuMSUyMTNtMyUyMTFtMiUyMTFzMHhhNjk2YjhlMmU1NmE0MSUyNTNBMHhjM2FjNTM2NzNhNzFkNjRmJTIxMnNBY2FkZW1pYSUyNTIwQm9keSUyNTIwRml0JTI1MjAtJTI1MjBBbCUyNUMzJTI1QURwaW8lMjUyMGRlJTI1MjBNZWxvJTIxNWUwJTIxM20yJTIxMXNwdC1CUiUyMTJzYnIlMjE0djE3MjUzMjUzMDU4MTMlMjE1bTIlMjExc3B0LUJSJTIxMnNiciUyMiUyMHdpZHRoJTNEJTIyMTAwJTI1JTIyJTIwaGVpZ2h0JTNEJTIyNDUwJTIyJTIwc3R5bGUlM0QlMjJib3JkZXIlM0EwJTNCJTIyJTIwYWxsb3dmdWxsc2NyZWVuJTNEJTIyJTIyJTIwbG9hZGluZyUzRCUyMmxhenklMjIlMjByZWZlcnJlcnBvbGljeSUzRCUyMm5vLXJlZmVycmVyLXdoZW4tZG93bmdyYWRlJTIyJTNFJTNDJTJGaWZyYW1lJTNF[\/vc_raw_html][\/vc_column][\/vc_row][vc_row full_width=&#8221;stretch_row&#8221; css=&#8221;.vc_custom_1619641641300{padding-top: 40px !important;padding-bottom: 40px !important;background-color: #000000 !important;}&#8221;][vc_column][vc_column_text]<\/p>\n<p class=\"pag-tarjapreta-titulo\">Quadro de Hor\u00e1rios<br \/>\n<span class=\"pag-tarjapreta-desc\">Aulas Coletivas<\/span>[\/vc_column_text][\/vc_column][\/vc_row][\/vc_section][vc_row][vc_column][vc_empty_space height=&#8221;40px&#8221;][vc_single_image image=&#8221;9998&#8243; img_size=&#8221;full&#8221; alignment=&#8221;center&#8221;][\/vc_column][\/vc_row][vc_row][vc_column][vc_empty_space height=&#8221;80px&#8221;][\/vc_column][\/vc_row][vc_section full_width=&#8221;stretch_row&#8221; css=&#8221;.vc_custom_1619636718947{padding-top: 20px !important;padding-bottom: 21px !important;background: #f9ac23 url(https:\/\/wpt.academiasbodyfit.com.br\/wp-content\/uploads\/2021\/04\/barra-texto.png?id=7257) !important;}&#8221;][\/vc_section]<\/p>\n","protected":false},"excerpt":{"rendered":"<p>[vc_section full_width=&#8221;stretch_row&#8221; content_placement=&#8221;middle&#8221; css=&#8221;.vc_custom_1619620831828{background-image: url(https:\/\/wpt.academiasbodyfit.com.br\/wp-content\/uploads\/2019\/09\/barra-breadcrumbs.jpg?id=7293) !important;}&#8221;][vc_row css=&#8221;.vc_custom_1619705326055{padding-top: 30px !important;padding-bottom: 40px !important;}&#8221;][vc_column][vc_column_text] Unidade Al\u00edpio de Melo Seja bem vindo![\/vc_column_text][\/vc_column][\/vc_row][\/vc_section][vc_row][vc_column][vc_empty_space height=&#8221;60px&#8221;][\/vc_column][\/vc_row][vc_row][vc_column width=&#8221;1\/2&#8243; css=&#8221;.vc_custom_1619704733834{margin-top: 20px !important;}&#8221;][vc_single_image image=&#8221;7561&#8243; img_size=&#8221;full&#8221; alignment=&#8221;center&#8221;][\/vc_column][vc_column width=&#8221;1\/2&#8243; css=&#8221;.vc_custom_1619704740702{margin-top: 20px !important;}&#8221;][vc_column_text] Endere\u00e7o Av. Ab\u00edlio Machado, 1664, Al\u00edpio de Melo, Belo Horizonte &#8211; MG (Shopping Xingu) Telefone (31) 3221-7595 (31) 99709-8012 (WhatsApp) Hor\u00e1rio de Funcionamento Segunda a<\/p>\n","protected":false},"author":1,"featured_media":0,"parent":7300,"menu_order":0,"comment_status":"closed","ping_status":"closed","template":"","meta":{"footnotes":""},"class_list":["post-7388","page","type-page","status-publish","hentry"],"_links":{"self":[{"href":"https:\/\/wpt.academiasbodyfit.com.br\/index.php?rest_route=\/wp\/v2\/pages\/7388","targetHints":{"allow":["GET"]}}],"collection":[{"href":"https:\/\/wpt.academiasbodyfit.com.br\/index.php?rest_route=\/wp\/v2\/pages"}],"about":[{"href":"https:\/\/wpt.academiasbodyfit.com.br\/index.php?rest_route=\/wp\/v2\/types\/page"}],"author":[{"embeddable":true,"href":"https:\/\/wpt.academiasbodyfit.com.br\/index.php?rest_route=\/wp\/v2\/users\/1"}],"replies":[{"embeddable":true,"href":"https:\/\/wpt.academiasbodyfit.com.br\/index.php?rest_route=%2Fwp%2Fv2%2Fcomments&post=7388"}],"version-history":[{"count":27,"href":"https:\/\/wpt.academiasbodyfit.com.br\/index.php?rest_route=\/wp\/v2\/pages\/7388\/revisions"}],"predecessor-version":[{"id":10303,"href":"https:\/\/wpt.academiasbodyfit.com.br\/index.php?rest_route=\/wp\/v2\/pages\/7388\/revisions\/10303"}],"up":[{"embeddable":true,"href":"https:\/\/wpt.academiasbodyfit.com.br\/index.php?rest_route=\/wp\/v2\/pages\/7300"}],"wp:attachment":[{"href":"https:\/\/wpt.academiasbodyfit.com.br\/index.php?rest_route=%2Fwp%2Fv2%2Fmedia&parent=7388"}],"curies":[{"name":"wp","href":"https:\/\/api.w.org\/{rel}","templated":true}]}}